{"id":7,"date":"2020-12-24T14:43:08","date_gmt":"2020-12-24T13:43:08","guid":{"rendered":"http:\/\/www.crafteurfou.com\/?page_id=7"},"modified":"2020-12-24T14:59:18","modified_gmt":"2020-12-24T13:59:18","slug":"a-propos-de","status":"publish","type":"page","link":"http:\/\/www.crafteurfou.com\/index.php\/a-propos-de\/","title":{"rendered":"\u00c0 propos de"},"content":{"rendered":"\n<p>Ma m\u00e8re a toujours dit : &#8220;Celui-l\u00e0, il commence tout et il finit jamais rien&#8230;&#8221; M\u00eame si je la fais mentir de temps en temps en finissant quelques projets, c&#8217;est vrai que j&#8217;aime en conduire plusieurs en m\u00eame temps. Comme pour les voyages, le plus important pour moi n&#8217;est pas d&#8217;arriver \u00e0 destination, mais de cheminer. Il en va de m\u00eame pour mes projets. Je prends souvent des chemins de traverse, bifurque vers d&#8217;autres choses et retourne en arri\u00e8re, explore d&#8217;autres voies et \u00e9ventuellement arrive \u00e0 destination, m\u00eame si elle est souvent diff\u00e9rente de celle initialement choisie.<\/p>\n\n\n\n<p>Le but de ce blog, parce que je m&#8217;y perds moi m\u00eame, est de tenir le journal de ces errements dans diff\u00e9rentes cat\u00e9gories : Maquettes, Figurines, Jeux de plateaux, Jeux de r\u00f4le, Bricolage, Programmation, et j&#8217;en passe. Cela peut aussi permettre \u00e0 quelques un de s&#8217;inspirer des r\u00e9ussites mais surtout des erreurs qui peuvent \u00eatre les plus riches d&#8217;enseignement.<\/p>\n\n\n\n<p>Il s&#8217;intitule du surnom que mes proches m&#8217;ont donn\u00e9 : Le Crafteur Fou. A vous de juger.<\/p>\n\n\n\n<p><\/p>\n","protected":false},"excerpt":{"rendered":"<p>Ma m\u00e8re a toujours dit : &#8220;Celui-l\u00e0, il commence tout et il finit jamais rien&#8230;&#8221; M\u00eame si je la fais mentir de temps en temps en finissant quelques projets, c&#8217;est vrai que j&#8217;aime en conduire plusieurs en m\u00eame temps. Comme pour les voyages, le plus important pour moi n&#8217;est pas d&#8217;arriver \u00e0 destination, mais de &hellip; <\/p>\n<p class=\"link-more\"><a href=\"http:\/\/www.crafteurfou.com\/index.php\/a-propos-de\/\" class=\"more-link\">Continuer la lecture<span class=\"screen-reader-text\"> de &laquo;&nbsp;\u00c0 propos de&nbsp;&raquo;<\/span><\/a><\/p>\n","protected":false},"author":1,"featured_media":0,"parent":0,"menu_order":0,"comment_status":"closed","ping_status":"closed","template":"","meta":[],"_links":{"self":[{"href":"http:\/\/www.crafteurfou.com\/index.php\/wp-json\/wp\/v2\/pages\/7"}],"collection":[{"href":"http:\/\/www.crafteurfou.com\/index.php\/wp-json\/wp\/v2\/pages"}],"about":[{"href":"http:\/\/www.crafteurfou.com\/index.php\/wp-json\/wp\/v2\/types\/page"}],"author":[{"embeddable":true,"href":"http:\/\/www.crafteurfou.com\/index.php\/wp-json\/wp\/v2\/users\/1"}],"replies":[{"embeddable":true,"href":"http:\/\/www.crafteurfou.com\/index.php\/wp-json\/wp\/v2\/comments?post=7"}],"version-history":[{"count":3,"href":"http:\/\/www.crafteurfou.com\/index.php\/wp-json\/wp\/v2\/pages\/7\/revisions"}],"predecessor-version":[{"id":41,"href":"http:\/\/www.crafteurfou.com\/index.php\/wp-json\/wp\/v2\/pages\/7\/revisions\/41"}],"wp:attachment":[{"href":"http:\/\/www.crafteurfou.com\/index.php\/wp-json\/wp\/v2\/media?parent=7"}],"curies":[{"name":"wp","href":"https:\/\/api.w.org\/{rel}","templated":true}]}}